{"id":525,"date":"2025-09-10T08:54:10","date_gmt":"2025-09-10T11:54:10","guid":{"rendered":"https:\/\/roguimo.com.br\/?page_id=525"},"modified":"2025-09-10T22:29:11","modified_gmt":"2025-09-11T01:29:11","slug":"contato","status":"publish","type":"page","link":"http:\/\/roguimo.com.br\/es\/contato\/","title":{"rendered":"Contacto"},"content":{"rendered":"<div data-elementor-type=\"wp-page\" data-elementor-id=\"525\" class=\"elementor elementor-525\" data-elementor-post-type=\"page\">\n\t\t\t\t<div class=\"elementor-element elementor-element-8cbc4fe e-flex e-con-boxed e-con e-parent\" data-id=\"8cbc4fe\" data-element_type=\"container\" data-settings=\"{&quot;background_background&quot;:&quot;classic&quot;}\">\n\t\t\t\t\t<div class=\"e-con-inner\">\n\t\t\t\t<div class=\"elementor-element elementor-element-224e5c9 elementor-widget elementor-widget-heading\" data-id=\"224e5c9\" data-element_type=\"widget\" data-widget_type=\"heading.default\">\n\t\t\t\t\t<h2 class=\"elementor-heading-title elementor-size-default\">Estamos en<br>\n<span style=\"color: #557a36\">tu disposici\u00f3n<\/span><\/h2>\t\t\t\t<\/div>\n\t\t\t\t\t<\/div>\n\t\t\t\t<\/div>\n\t\t<div class=\"elementor-element elementor-element-6b43ed5 e-flex e-con-boxed e-con e-parent\" data-id=\"6b43ed5\" data-element_type=\"container\">\n\t\t\t\t\t<div class=\"e-con-inner\">\n\t\t\t\t<div class=\"elementor-element elementor-element-97a9a65 elementor-widget elementor-widget-heading\" data-id=\"97a9a65\" data-element_type=\"widget\" data-widget_type=\"heading.default\">\n\t\t\t\t\t<h2 class=\"elementor-heading-title elementor-size-default\">\u00bfPreguntas o sugerencias?<br>\n<span style=\"color: #557a36\">Ponte en contacto con nosotros<\/span><\/h2>\t\t\t\t<\/div>\n\t\t\t\t<div class=\"elementor-element elementor-element-ff8bf00 elementor-widget__width-initial elementor-widget-mobile__width-initial elementor-widget elementor-widget-text-editor\" data-id=\"ff8bf00\" data-element_type=\"widget\" data-widget_type=\"text-editor.default\">\n\t\t\t\t\t\t\t\t\tEs un placer y un honor para nosotros conectar con nuestros clientes y amigos. Complete el formulario a continuaci\u00f3n y nos pondremos en contacto con usted lo antes posible.\t\t\t\t\t\t\t\t<\/div>\n\t\t\t\t<div class=\"elementor-element elementor-element-1bac52e elementor-widget__width-initial elementor-widget-mobile__width-initial elementor-button-align-stretch elementor-widget elementor-widget-form\" data-id=\"1bac52e\" data-element_type=\"widget\" data-settings=\"{&quot;step_next_label&quot;:&quot;Next&quot;,&quot;step_previous_label&quot;:&quot;Previous&quot;,&quot;button_width&quot;:&quot;100&quot;,&quot;step_type&quot;:&quot;number_text&quot;,&quot;step_icon_shape&quot;:&quot;circle&quot;}\" data-widget_type=\"form.default\">\n\t\t\t\t\t\t\t<form class=\"elementor-form\" method=\"post\" name=\"New Form\" aria-label=\"Nueva forma\" action=\"\">\n\t\t\t<input type=\"hidden\" name=\"post_id\" value=\"525\"\/>\n\t\t\t<input type=\"hidden\" name=\"form_id\" value=\"1bac52e\"\/>\n\t\t\t<input type=\"hidden\" name=\"referer_title\" value=\"Contato - Roguimo\" \/>\n\n\t\t\t\t\t\t\t<input type=\"hidden\" name=\"queried_id\" value=\"525\"\/>\n\t\t\t\n\t\t\t<div class=\"elementor-form-fields-wrapper elementor-labels-\">\n\t\t\t\t\t\t\t\t<div class=\"elementor-field-type-text elementor-field-group elementor-column elementor-field-group-name elementor-col-100 elementor-field-required\">\n\t\t\t\t\t\t\t\t\t\t\t\t<label for=\"form-field-name\" class=\"elementor-field-label elementor-screen-only\">\n\t\t\t\t\t\t\t\tNombre\t\t\t\t\t\t\t<\/label>\n\t\t\t\t\t\t\t\t\t\t\t\t\t\t<input size=\"1\" type=\"text\" name=\"form_fields[name]\" id=\"form-field-name\" class=\"elementor-field elementor-size-sm  elementor-field-textual\" placeholder=\"Nombre\" required=\"required\">\n\t\t\t\t\t\t\t\t\t\t\t<\/div>\n\t\t\t\t\t\t\t\t<div class=\"elementor-field-type-text elementor-field-group elementor-column elementor-field-group-field_4b003a9 elementor-col-100 elementor-field-required\">\n\t\t\t\t\t\t\t\t\t\t\t\t<label for=\"form-field-field_4b003a9\" class=\"elementor-field-label elementor-screen-only\">\n\t\t\t\t\t\t\t\tTel\u00e9fono\t\t\t\t\t\t\t<\/label>\n\t\t\t\t\t\t\t\t\t\t\t\t\t\t<input size=\"1\" type=\"text\" name=\"form_fields[field_4b003a9]\" id=\"form-field-field_4b003a9\" class=\"elementor-field elementor-size-sm  elementor-field-textual\" placeholder=\"Tel\u00e9fono\" required=\"required\">\n\t\t\t\t\t\t\t\t\t\t\t<\/div>\n\t\t\t\t\t\t\t\t<div class=\"elementor-field-type-email elementor-field-group elementor-column elementor-field-group-email elementor-col-100 elementor-field-required\">\n\t\t\t\t\t\t\t\t\t\t\t\t<label for=\"form-field-email\" class=\"elementor-field-label elementor-screen-only\">\n\t\t\t\t\t\t\t\tCorreo electr\u00f3nico\t\t\t\t\t\t\t<\/label>\n\t\t\t\t\t\t\t\t\t\t\t\t\t\t<input size=\"1\" type=\"email\" name=\"form_fields[email]\" id=\"form-field-email\" class=\"elementor-field elementor-size-sm  elementor-field-textual\" placeholder=\"Correo electr\u00f3nico\" required=\"required\">\n\t\t\t\t\t\t\t\t\t\t\t<\/div>\n\t\t\t\t\t\t\t\t<div class=\"elementor-field-type-textarea elementor-field-group elementor-column elementor-field-group-message elementor-col-100\">\n\t\t\t\t\t\t\t\t\t\t\t\t<label for=\"form-field-message\" class=\"elementor-field-label elementor-screen-only\">\n\t\t\t\t\t\t\t\tMensaje\t\t\t\t\t\t\t<\/label>\n\t\t\t\t\t\t<textarea class=\"elementor-field-textual elementor-field  elementor-size-sm\" name=\"form_fields[message]\" id=\"form-field-message\" rows=\"4\" placeholder=\"Mensaje\"><\/textarea>\t\t\t\t<\/div>\n\t\t\t\t\t\t\t\t<div class=\"elementor-field-group elementor-column elementor-field-type-submit elementor-col-100 e-form__buttons\">\n\t\t\t\t\t<button class=\"elementor-button elementor-size-sm\" type=\"submit\">\n\t\t\t\t\t\t<span class=\"elementor-button-content-wrapper\">\n\t\t\t\t\t\t\t\t\t\t\t\t\t\t\t\t\t\t\t\t\t\t<span class=\"elementor-button-text\">Para enviar<\/span>\n\t\t\t\t\t\t\t\t\t\t\t\t\t<\/span>\n\t\t\t\t\t<\/button>\n\t\t\t\t<\/div>\n\t\t\t<\/div>\n\t\t<input type=\"hidden\" name=\"trp-form-language\" value=\"es\"\/><\/form>\n\t\t\t\t\t\t<\/div>\n\t\t\t\t\t<\/div>\n\t\t\t\t<\/div>\n\t\t<div class=\"elementor-element elementor-element-7b30d39 e-flex e-con-boxed e-con e-parent\" data-id=\"7b30d39\" data-element_type=\"container\" data-settings=\"{&quot;background_background&quot;:&quot;classic&quot;}\">\n\t\t\t\t\t<div class=\"e-con-inner\">\n\t\t<div class=\"elementor-element elementor-element-ff67112 e-con-full e-flex e-con e-child\" data-id=\"ff67112\" data-element_type=\"container\">\n\t\t\t\t<div class=\"elementor-element elementor-element-85882a0 elementor-widget elementor-widget-google_maps\" data-id=\"85882a0\" data-element_type=\"widget\" data-widget_type=\"google_maps.default\">\n\t\t\t\t\t\t\t<div class=\"elementor-custom-embed\">\n\t\t\t<iframe loading=\"lazy\"\n\t\t\t\t\tsrc=\"https:\/\/maps.google.com\/maps?q=ROGUIMO&#038;t=m&#038;z=13&#038;output=embed&#038;iwloc=near\"\n\t\t\t\t\ttitle=\"ROGUIMO\"\n\t\t\t\t\taria-label=\"ROGUIMO\"\n\t\t\t><\/iframe>\n\t\t<\/div>\n\t\t\t\t\t\t<\/div>\n\t\t\t\t<\/div>\n\t\t<div class=\"elementor-element elementor-element-ed924d2 e-con-full e-flex e-con e-child\" data-id=\"ed924d2\" data-element_type=\"container\">\n\t\t\t\t<div class=\"elementor-element elementor-element-aa7b3d8 elementor-widget elementor-widget-link-in-bio-var-7\" data-id=\"aa7b3d8\" data-element_type=\"widget\" data-widget_type=\"link-in-bio-var-7.default\">\n\t\t\t\t<div class=\"elementor-widget-container\">\n\t\t\t\t\t\t\t<div class=\"e-link-in-bio e-link-in-bio-var-7\">\n\t\t\t<div class=\"e-link-in-bio__content\">\n\n\t\t\t\t\t\t<div class=\"e-link-in-bio__identity\">\n\t\t\t\t\t\t\t\t\t<div class=\"e-link-in-bio__identity-image e-link-in-bio__identity-image-profile has-style-circle\">\n\t\t\t\t\t\t\t<img decoding=\"async\" width=\"150\" height=\"150\" src=\"https:\/\/roguimo.com.br\/wp-content\/uploads\/2025\/09\/favicon.png\" class=\"e-link-in-bio__identity-image-element\" alt=\"\" \/>\t\t\t\t\t\t\t\t\t\t\t\t\t<\/div>\n\t\t\t\t\t\t\t<\/div>\n\t\t\t\t\t<div class=\"e-link-in-bio__bio\">\n\t\t\t\t<h2 class=\"e-link-in-bio__heading\">ROGUIMO<\/h2>\t\t\t\t<h3 class=\"e-link-in-bio__title\">RODOLFO G. MORAES CIA LTDA<\/h3>\t\t\t\t\t\t\t\t\t\t\t<\/div>\n\t\t\t\t\t<div class=\"e-link-in-bio__icons has-size-small\">\n\t\t\t\t\t\t\t<div class=\"e-link-in-bio__icon is-size-small\">\n\t\t\t\t\t<a aria-label=\"Tel\u00e9fono\" class=\"e-link-in-bio__icon-link\" href=\"tel:+5585998721737\">\n\t\t\t\t\t\t<span class=\"e-link-in-bio__icon-svg\">\n\t\t\t\t\t\t\t<svg aria-hidden=\"true\" class=\"e-font-icon-svg e-fas-phone-alt\" viewbox=\"0 0 512 512\" xmlns=\"http:\/\/www.w3.org\/2000\/svg\"><path d=\"M497.39 361.8l-112-48a24 24 0 0 0-28 6.9l-49.6 60.6A370.66 370.66 0 0 1 130.6 204.11l60.6-49.6a23.94 23.94 0 0 0 6.9-28l-48-112A24.16 24.16 0 0 0 122.6.61l-104 24A24 24 0 0 0 0 48c0 256.5 207.9 464 464 464a24 24 0 0 0 23.4-18.6l24-104a24.29 24.29 0 0 0-14.01-27.6z\"><\/path><\/svg>\t\t\t\t\t\t<\/span>\n\t\t\t\t\t\t\t\t\t\t\t\t\t<span class=\"e-link-in-bio__icon-label\">\n\t\t\t\t\t\t\t\tTel\u00e9fono\t\t\t\t\t\t\t<\/span>\n\t\t\t\t\t\t\t\t\t\t\t<\/a>\n\t\t\t\t<\/div>\n\t\t\t\t\t\t\t<div class=\"e-link-in-bio__icon is-size-small\">\n\t\t\t\t\t<a aria-label=\"Correo electr\u00f3nico\" class=\"e-link-in-bio__icon-link\" href=\"mailto:contato@roguimo.com.br\">\n\t\t\t\t\t\t<span class=\"e-link-in-bio__icon-svg\">\n\t\t\t\t\t\t\t<svg aria-hidden=\"true\" class=\"e-font-icon-svg e-fas-envelope\" viewbox=\"0 0 512 512\" xmlns=\"http:\/\/www.w3.org\/2000\/svg\"><path d=\"M502.3 190.8c3.9-3.1 9.7-.2 9.7 4.7V400c0 26.5-21.5 48-48 48H48c-26.5 0-48-21.5-48-48V195.6c0-5 5.7-7.8 9.7-4.7 22.4 17.4 52.1 39.5 154.1 113.6 21.1 15.4 56.7 47.8 92.2 47.6 35.7.3 72-32.8 92.3-47.6 102-74.1 131.6-96.3 154-113.7zM256 320c23.2.4 56.6-29.2 73.4-41.4 132.7-96.3 142.8-104.7 173.4-128.7 5.8-4.5 9.2-11.5 9.2-18.9v-19c0-26.5-21.5-48-48-48H48C21.5 64 0 85.5 0 112v19c0 7.4 3.4 14.3 9.2 18.9 30.6 23.9 40.7 32.4 173.4 128.7 16.8 12.2 50.2 41.8 73.4 41.4z\"><\/path><\/svg>\t\t\t\t\t\t<\/span>\n\t\t\t\t\t\t\t\t\t\t\t\t\t<span class=\"e-link-in-bio__icon-label\">\n\t\t\t\t\t\t\t\tCorreo electr\u00f3nico\t\t\t\t\t\t\t<\/span>\n\t\t\t\t\t\t\t\t\t\t\t<\/a>\n\t\t\t\t<\/div>\n\t\t\t\t\t\t\t<div class=\"e-link-in-bio__icon is-size-small\">\n\t\t\t\t\t<a href=\"https:\/\/instagram.com\/roguimo\/\" target=\"_blank\" rel=\"noopener \" aria-label=\"Instagram\" class=\"e-link-in-bio__icon-link\">\n\t\t\t\t\t\t<span class=\"e-link-in-bio__icon-svg\">\n\t\t\t\t\t\t\t<svg aria-hidden=\"true\" class=\"e-font-icon-svg e-fab-instagram\" viewbox=\"0 0 448 512\" xmlns=\"http:\/\/www.w3.org\/2000\/svg\"><path d=\"M224.1 141c-63.6 0-114.9 51.3-114.9 114.9s51.3 114.9 114.9 114.9S339 319.5 339 255.9 287.7 141 224.1 141zm0 189.6c-41.1 0-74.7-33.5-74.7-74.7s33.5-74.7 74.7-74.7 74.7 33.5 74.7 74.7-33.6 74.7-74.7 74.7zm146.4-194.3c0 14.9-12 26.8-26.8 26.8-14.9 0-26.8-12-26.8-26.8s12-26.8 26.8-26.8 26.8 12 26.8 26.8zm76.1 27.2c-1.7-35.9-9.9-67.7-36.2-93.9-26.2-26.2-58-34.4-93.9-36.2-37-2.1-147.9-2.1-184.9 0-35.8 1.7-67.6 9.9-93.9 36.1s-34.4 58-36.2 93.9c-2.1 37-2.1 147.9 0 184.9 1.7 35.9 9.9 67.7 36.2 93.9s58 34.4 93.9 36.2c37 2.1 147.9 2.1 184.9 0 35.9-1.7 67.7-9.9 93.9-36.2 26.2-26.2 34.4-58 36.2-93.9 2.1-37 2.1-147.8 0-184.8zM398.8 388c-7.8 19.6-22.9 34.7-42.6 42.6-29.5 11.7-99.5 9-132.1 9s-102.7 2.6-132.1-9c-19.6-7.8-34.7-22.9-42.6-42.6-11.7-29.5-9-99.5-9-132.1s-2.6-102.7 9-132.1c7.8-19.6 22.9-34.7 42.6-42.6 29.5-11.7 99.5-9 132.1-9s102.7-2.6 132.1 9c19.6 7.8 34.7 22.9 42.6 42.6 11.7 29.5 9 99.5 9 132.1s2.7 102.7-9 132.1z\"><\/path><\/svg>\t\t\t\t\t\t<\/span>\n\t\t\t\t\t\t\t\t\t\t\t\t\t<span class=\"e-link-in-bio__icon-label\">\n\t\t\t\t\t\t\t\tInstagram\t\t\t\t\t\t\t<\/span>\n\t\t\t\t\t\t\t\t\t\t\t<\/a>\n\t\t\t\t<\/div>\n\t\t\t\t\t\t\t<div class=\"e-link-in-bio__icon is-size-small\">\n\t\t\t\t\t<a href=\"https:\/\/www.facebook.com\/roguimo\/\" target=\"_blank\" rel=\"noopener \" aria-label=\"Facebook\" class=\"e-link-in-bio__icon-link\">\n\t\t\t\t\t\t<span class=\"e-link-in-bio__icon-svg\">\n\t\t\t\t\t\t\t<svg aria-hidden=\"true\" class=\"e-font-icon-svg e-fab-facebook\" viewbox=\"0 0 512 512\" xmlns=\"http:\/\/www.w3.org\/2000\/svg\"><path d=\"M504 256C504 119 393 8 256 8S8 119 8 256c0 123.78 90.69 226.38 209.25 245V327.69h-63V256h63v-54.64c0-62.15 37-96.48 93.67-96.48 27.14 0 55.52 4.84 55.52 4.84v61h-31.28c-30.8 0-40.41 19.12-40.41 38.73V256h68.78l-11 71.69h-57.78V501C413.31 482.38 504 379.78 504 256z\"><\/path><\/svg>\t\t\t\t\t\t<\/span>\n\t\t\t\t\t\t\t\t\t\t\t\t\t<span class=\"e-link-in-bio__icon-label\">\n\t\t\t\t\t\t\t\tFacebook\t\t\t\t\t\t\t<\/span>\n\t\t\t\t\t\t\t\t\t\t\t<\/a>\n\t\t\t\t<\/div>\n\t\t\t\t\t<\/div>\n\t\t\n\t\t<div class=\"e-link-in-bio__ctas has-type-button\">\n\t\t\t\t\t\t\t<a class=\"e-link-in-bio__cta is-type-button has-corners-round\" href=\"https:\/\/wa.me\/5585998721737\">\n\t\t\t\t\t\t\t\t\t\t<span class=\"e-link-in-bio__cta-text\">\n\t\t\t\t\t\tCont\u00e1ctenos\t\t\t\t\t<\/span>\n\t\t\t\t<\/a>\n\t\t\t\t\t<\/div>\n\t\t\n\t\t\t<\/div>\n\t\t\t<div class=\"e-link-in-bio__bg\">\n\t\t\t\t<div class=\"e-link-in-bio__bg-overlay\"><\/div>\n\t\t\t<\/div>\n\t\t<\/div>\n\t\t\t\t\t\t<\/div>\n\t\t\t\t<\/div>\n\t\t\t\t<\/div>\n\t\t\t\t\t<\/div>\n\t\t\t\t<\/div>\n\t\t<div class=\"elementor-element elementor-element-43a9fb9 e-flex e-con-boxed e-con e-parent\" data-id=\"43a9fb9\" data-element_type=\"container\" data-settings=\"{&quot;background_background&quot;:&quot;classic&quot;}\">\n\t\t\t\t\t<div class=\"e-con-inner\">\n\t\t\t\t<div class=\"elementor-element elementor-element-c8ee353 elementor-widget elementor-widget-heading\" data-id=\"c8ee353\" data-element_type=\"widget\" data-widget_type=\"heading.default\">\n\t\t\t\t\t<h2 class=\"elementor-heading-title elementor-size-default\"><a href=\"https:\/\/roguimo.com.br\/es\/orcamentos\/\">Pedido \n<span style=\"color: #557a36\">un presupuesto<\/span><\/a><\/h2>\t\t\t\t<\/div>\n\t\t\t\t\t<\/div>\n\t\t\t\t<\/div>\n\t\t<div class=\"elementor-element elementor-element-9d2e363 elementor-hidden-desktop elementor-hidden-tablet elementor-hidden-mobile e-flex e-con-boxed e-con e-parent\" data-id=\"9d2e363\" data-element_type=\"container\" data-settings=\"{&quot;background_background&quot;:&quot;classic&quot;}\">\n\t\t\t\t\t<div class=\"e-con-inner\">\n\t\t\t\t<div class=\"elementor-element elementor-element-e035087 elementor-widget elementor-widget-heading\" data-id=\"e035087\" data-element_type=\"widget\" data-widget_type=\"heading.default\">\n\t\t\t\t\t<h2 class=\"elementor-heading-title elementor-size-default\">Pedido \n<span style=\"color: #557a36\">un presupuesto<\/span><\/h2>\t\t\t\t<\/div>\n\t\t\t\t<div class=\"elementor-element elementor-element-afc2a56 elementor-align-center elementor-widget elementor-widget-button\" data-id=\"afc2a56\" data-element_type=\"widget\" data-widget_type=\"button.default\">\n\t\t\t\t\t\t\t\t\t\t<a class=\"elementor-button elementor-button-link elementor-size-sm\" href=\"https:\/\/roguimo.com.br\/es\/orcamentos\/\">\n\t\t\t\t\t\t<span class=\"elementor-button-content-wrapper\">\n\t\t\t\t\t\t\t\t\t<span class=\"elementor-button-text\">haga clic aqu\u00ed<\/span>\n\t\t\t\t\t<\/span>\n\t\t\t\t\t<\/a>\n\t\t\t\t\t\t\t\t<\/div>\n\t\t\t\t\t<\/div>\n\t\t\t\t<\/div>\n\t\t\t\t<\/div>","protected":false},"excerpt":{"rendered":"<p>Estamos a su servicio. \u00bfPreguntas o sugerencias? Cont\u00e1ctenos. Es un placer y un honor para nosotros estar en contacto con nuestros clientes y amigos. Complete el formulario a continuaci\u00f3n y nos comunicaremos con usted lo antes posible. ROGUIMO RODOLFO G. MORAES CIA LTDA Tel\u00e9fono Correo electr\u00f3nico Instagram Facebook Cont\u00e1ctenos Solicitar presupuesto Solicitar presupuesto [\u2026]<\/p>","protected":false},"author":1,"featured_media":0,"parent":0,"menu_order":0,"comment_status":"closed","ping_status":"closed","template":"","meta":{"footnotes":""},"class_list":["post-525","page","type-page","status-publish","hentry"],"yoast_head":"<!-- This site is optimized with the Yoast SEO plugin v26.0 - https:\/\/yoast.com\/wordpress\/plugins\/seo\/ -->\n<title>Contato - Roguimo<\/title>\n<meta name=\"robots\" content=\"index, follow, max-snippet:-1, max-image-preview:large, max-video-preview:-1\" \/>\n<link rel=\"canonical\" href=\"https:\/\/roguimo.com.br\/es\/contato\/\" \/>\n<meta property=\"og:locale\" content=\"es_ES\" \/>\n<meta property=\"og:type\" content=\"article\" \/>\n<meta property=\"og:title\" content=\"Contato - Roguimo\" \/>\n<meta property=\"og:description\" content=\"Estamos \u00e0 sua disposi\u00e7\u00e3o D\u00favidas ou Sugest\u00f5es? Entre em contato \u00c9 para n\u00f3s um prazer e uma honra estarmos em contato com nossos clientes e amigos. Preencha o formul\u00e1rio abaixo e lhe retornaremos o mais r\u00e1pido poss\u00edvel. ROGUIMO RODOLFO G. MORAES CIA LTDA Telefone E-mail Instagram Facebook Fale Conosco Solicite um or\u00e7amento Solicite um or\u00e7amento [&hellip;]\" \/>\n<meta property=\"og:url\" content=\"https:\/\/roguimo.com.br\/es\/contato\/\" \/>\n<meta property=\"og:site_name\" content=\"Roguimo\" \/>\n<meta property=\"article:publisher\" content=\"https:\/\/www.facebook.com\/roguimo\/\" \/>\n<meta property=\"article:modified_time\" content=\"2025-09-11T01:29:11+00:00\" \/>\n<meta property=\"og:image\" content=\"https:\/\/roguimo.com.br\/wp-content\/uploads\/2025\/09\/favicon.png\" \/>\n<meta name=\"twitter:card\" content=\"summary_large_image\" \/>\n<script type=\"application\/ld+json\" class=\"yoast-schema-graph\">{\"@context\":\"https:\/\/schema.org\",\"@graph\":[{\"@type\":\"WebPage\",\"@id\":\"https:\/\/roguimo.com.br\/contato\/\",\"url\":\"https:\/\/roguimo.com.br\/contato\/\",\"name\":\"Contato - Roguimo\",\"isPartOf\":{\"@id\":\"https:\/\/roguimo.com.br\/es\/#website\"},\"primaryImageOfPage\":{\"@id\":\"https:\/\/roguimo.com.br\/contato\/#primaryimage\"},\"image\":{\"@id\":\"https:\/\/roguimo.com.br\/contato\/#primaryimage\"},\"thumbnailUrl\":\"https:\/\/roguimo.com.br\/wp-content\/uploads\/2025\/09\/favicon.png\",\"datePublished\":\"2025-09-10T11:54:10+00:00\",\"dateModified\":\"2025-09-11T01:29:11+00:00\",\"breadcrumb\":{\"@id\":\"https:\/\/roguimo.com.br\/contato\/#breadcrumb\"},\"inLanguage\":\"es\",\"potentialAction\":[{\"@type\":\"ReadAction\",\"target\":[\"https:\/\/roguimo.com.br\/contato\/\"]}]},{\"@type\":\"ImageObject\",\"inLanguage\":\"es\",\"@id\":\"https:\/\/roguimo.com.br\/contato\/#primaryimage\",\"url\":\"https:\/\/roguimo.com.br\/wp-content\/uploads\/2025\/09\/favicon.png\",\"contentUrl\":\"https:\/\/roguimo.com.br\/wp-content\/uploads\/2025\/09\/favicon.png\"},{\"@type\":\"BreadcrumbList\",\"@id\":\"https:\/\/roguimo.com.br\/contato\/#breadcrumb\",\"itemListElement\":[{\"@type\":\"ListItem\",\"position\":1,\"name\":\"In\u00edcio\",\"item\":\"https:\/\/roguimo.com.br\/pt_br\/\"},{\"@type\":\"ListItem\",\"position\":2,\"name\":\"Contato\"}]},{\"@type\":\"WebSite\",\"@id\":\"https:\/\/roguimo.com.br\/es\/#website\",\"url\":\"https:\/\/roguimo.com.br\/es\/\",\"name\":\"Roguimo\",\"description\":\"A Melhor Fornecedora de Cera de Carna\u00faba do Brasil\",\"publisher\":{\"@id\":\"https:\/\/roguimo.com.br\/es\/#organization\"},\"potentialAction\":[{\"@type\":\"SearchAction\",\"target\":{\"@type\":\"EntryPoint\",\"urlTemplate\":\"https:\/\/roguimo.com.br\/es\/?s={search_term_string}\"},\"query-input\":{\"@type\":\"PropertyValueSpecification\",\"valueRequired\":true,\"valueName\":\"search_term_string\"}}],\"inLanguage\":\"es\"},{\"@type\":\"Organization\",\"@id\":\"https:\/\/roguimo.com.br\/es\/#organization\",\"name\":\"Roguimo\",\"url\":\"https:\/\/roguimo.com.br\/es\/\",\"logo\":{\"@type\":\"ImageObject\",\"inLanguage\":\"es\",\"@id\":\"https:\/\/roguimo.com.br\/es\/#\/schema\/logo\/image\/\",\"url\":\"https:\/\/roguimo.com.br\/wp-content\/uploads\/2025\/09\/logo.png\",\"contentUrl\":\"https:\/\/roguimo.com.br\/wp-content\/uploads\/2025\/09\/logo.png\",\"width\":582,\"height\":191,\"caption\":\"Roguimo\"},\"image\":{\"@id\":\"https:\/\/roguimo.com.br\/es\/#\/schema\/logo\/image\/\"},\"sameAs\":[\"https:\/\/www.facebook.com\/roguimo\/\",\"https:\/\/instagram.com\/roguimo\/\"]}]}<\/script>\n<!-- \/ Yoast SEO plugin. -->","yoast_head_json":{"title":"Contato - Roguimo","robots":{"index":"index","follow":"follow","max-snippet":"max-snippet:-1","max-image-preview":"max-image-preview:large","max-video-preview":"max-video-preview:-1"},"canonical":"https:\/\/roguimo.com.br\/es\/contato\/","og_locale":"es_ES","og_type":"article","og_title":"Contato - Roguimo","og_description":"Estamos \u00e0 sua disposi\u00e7\u00e3o D\u00favidas ou Sugest\u00f5es? Entre em contato \u00c9 para n\u00f3s um prazer e uma honra estarmos em contato com nossos clientes e amigos. Preencha o formul\u00e1rio abaixo e lhe retornaremos o mais r\u00e1pido poss\u00edvel. ROGUIMO RODOLFO G. MORAES CIA LTDA Telefone E-mail Instagram Facebook Fale Conosco Solicite um or\u00e7amento Solicite um or\u00e7amento [&hellip;]","og_url":"https:\/\/roguimo.com.br\/es\/contato\/","og_site_name":"Roguimo","article_publisher":"https:\/\/www.facebook.com\/roguimo\/","article_modified_time":"2025-09-11T01:29:11+00:00","og_image":[{"url":"https:\/\/roguimo.com.br\/wp-content\/uploads\/2025\/09\/favicon.png","type":"","width":"","height":""}],"twitter_card":"summary_large_image","schema":{"@context":"https:\/\/schema.org","@graph":[{"@type":"WebPage","@id":"https:\/\/roguimo.com.br\/contato\/","url":"https:\/\/roguimo.com.br\/contato\/","name":"Contato - Roguimo","isPartOf":{"@id":"https:\/\/roguimo.com.br\/es\/#website"},"primaryImageOfPage":{"@id":"https:\/\/roguimo.com.br\/contato\/#primaryimage"},"image":{"@id":"https:\/\/roguimo.com.br\/contato\/#primaryimage"},"thumbnailUrl":"https:\/\/roguimo.com.br\/wp-content\/uploads\/2025\/09\/favicon.png","datePublished":"2025-09-10T11:54:10+00:00","dateModified":"2025-09-11T01:29:11+00:00","breadcrumb":{"@id":"https:\/\/roguimo.com.br\/contato\/#breadcrumb"},"inLanguage":"es","potentialAction":[{"@type":"ReadAction","target":["https:\/\/roguimo.com.br\/contato\/"]}]},{"@type":"ImageObject","inLanguage":"es","@id":"https:\/\/roguimo.com.br\/contato\/#primaryimage","url":"https:\/\/roguimo.com.br\/wp-content\/uploads\/2025\/09\/favicon.png","contentUrl":"https:\/\/roguimo.com.br\/wp-content\/uploads\/2025\/09\/favicon.png"},{"@type":"BreadcrumbList","@id":"https:\/\/roguimo.com.br\/contato\/#breadcrumb","itemListElement":[{"@type":"ListItem","position":1,"name":"In\u00edcio","item":"https:\/\/roguimo.com.br\/pt_br\/"},{"@type":"ListItem","position":2,"name":"Contato"}]},{"@type":"WebSite","@id":"https:\/\/roguimo.com.br\/es\/#website","url":"https:\/\/roguimo.com.br\/es\/","name":"Roguimo","description":"El mejor proveedor de cera de carnauba en Brasil","publisher":{"@id":"https:\/\/roguimo.com.br\/es\/#organization"},"potentialAction":[{"@type":"SearchAction","target":{"@type":"EntryPoint","urlTemplate":"https:\/\/roguimo.com.br\/es\/?s={search_term_string}"},"query-input":{"@type":"PropertyValueSpecification","valueRequired":true,"valueName":"search_term_string"}}],"inLanguage":"es"},{"@type":"Organization","@id":"https:\/\/roguimo.com.br\/es\/#organization","name":"Roguimo","url":"https:\/\/roguimo.com.br\/es\/","logo":{"@type":"ImageObject","inLanguage":"es","@id":"https:\/\/roguimo.com.br\/es\/#\/schema\/logo\/image\/","url":"https:\/\/roguimo.com.br\/wp-content\/uploads\/2025\/09\/logo.png","contentUrl":"https:\/\/roguimo.com.br\/wp-content\/uploads\/2025\/09\/logo.png","width":582,"height":191,"caption":"Roguimo"},"image":{"@id":"https:\/\/roguimo.com.br\/es\/#\/schema\/logo\/image\/"},"sameAs":["https:\/\/www.facebook.com\/roguimo\/","https:\/\/instagram.com\/roguimo\/"]}]}},"_links":{"self":[{"href":"http:\/\/roguimo.com.br\/es\/wp-json\/wp\/v2\/pages\/525","targetHints":{"allow":["GET"]}}],"collection":[{"href":"http:\/\/roguimo.com.br\/es\/wp-json\/wp\/v2\/pages"}],"about":[{"href":"http:\/\/roguimo.com.br\/es\/wp-json\/wp\/v2\/types\/page"}],"author":[{"embeddable":true,"href":"http:\/\/roguimo.com.br\/es\/wp-json\/wp\/v2\/users\/1"}],"replies":[{"embeddable":true,"href":"http:\/\/roguimo.com.br\/es\/wp-json\/wp\/v2\/comments?post=525"}],"version-history":[{"count":85,"href":"http:\/\/roguimo.com.br\/es\/wp-json\/wp\/v2\/pages\/525\/revisions"}],"predecessor-version":[{"id":742,"href":"http:\/\/roguimo.com.br\/es\/wp-json\/wp\/v2\/pages\/525\/revisions\/742"}],"wp:attachment":[{"href":"http:\/\/roguimo.com.br\/es\/wp-json\/wp\/v2\/media?parent=525"}],"curies":[{"name":"wp","href":"https:\/\/api.w.org\/{rel}","templated":true}]}}