{"id":395,"date":"2025-09-10T07:55:20","date_gmt":"2025-09-10T10:55:20","guid":{"rendered":"https:\/\/roguimo.com.br\/?page_id=395"},"modified":"2025-09-11T16:15:37","modified_gmt":"2025-09-11T19:15:37","slug":"produtos","status":"publish","type":"page","link":"http:\/\/roguimo.com.br\/es\/produtos\/","title":{"rendered":"Productos"},"content":{"rendered":"<div data-elementor-type=\"wp-page\" data-elementor-id=\"395\" class=\"elementor elementor-395\" data-elementor-post-type=\"page\">\n\t\t\t\t<div class=\"elementor-element elementor-element-8cbc4fe e-flex e-con-boxed e-con e-parent\" data-id=\"8cbc4fe\" data-element_type=\"container\" data-settings=\"{&quot;background_background&quot;:&quot;classic&quot;}\">\n\t\t\t\t\t<div class=\"e-con-inner\">\n\t\t\t\t<div class=\"elementor-element elementor-element-224e5c9 elementor-widget elementor-widget-heading\" data-id=\"224e5c9\" data-element_type=\"widget\" data-widget_type=\"heading.default\">\n\t\t\t\t\t<h2 class=\"elementor-heading-title elementor-size-default\">Productos<br>\n<span style=\"color: #557a36\">Calidad<\/span><\/h2>\t\t\t\t<\/div>\n\t\t\t\t\t<\/div>\n\t\t\t\t<\/div>\n\t\t<div class=\"elementor-element elementor-element-3d93e71 e-flex e-con-boxed e-con e-parent\" data-id=\"3d93e71\" data-element_type=\"container\">\n\t\t\t\t\t<div class=\"e-con-inner\">\n\t\t<div class=\"elementor-element elementor-element-bbdb24c e-con-full e-flex e-con e-child\" data-id=\"bbdb24c\" data-element_type=\"container\">\n\t\t\t\t<div class=\"elementor-element elementor-element-bde21d4 elementor-widget elementor-widget-heading\" data-id=\"bde21d4\" data-element_type=\"widget\" data-widget_type=\"heading.default\">\n\t\t\t\t\t<h2 class=\"elementor-heading-title elementor-size-default\">Nuestro \n<span style=\"color: #557a36\">Productos<\/span><\/h2>\t\t\t\t<\/div>\n\t\t\t\t<div class=\"elementor-element elementor-element-af3f835 elementor-widget__width-initial elementor-widget-mobile__width-inherit elementor-widget elementor-widget-text-editor\" data-id=\"af3f835\" data-element_type=\"widget\" data-widget_type=\"text-editor.default\">\n\t\t\t\t\t\t\t\t\t<p>Ofrecemos diferentes tipos de cera de carnauba, clasificados seg\u00fan el nivel de refinamiento y el color del producto final. Cada tipo es adecuado para aplicaciones espec\u00edficas, satisfaciendo las demandas de los mercados nacionales e internacionales.<\/p>\t\t\t\t\t\t\t\t<\/div>\n\t\t<div class=\"elementor-element elementor-element-32e26c3 e-con-full e-flex e-con e-child\" data-id=\"32e26c3\" data-element_type=\"container\">\n\t\t\t\t<div class=\"elementor-element elementor-element-efdf8b2 e-transform elementor-position-top elementor-widget elementor-widget-image-box\" data-id=\"efdf8b2\" data-element_type=\"widget\" data-settings=\"{&quot;_transform_scale_effect_hover&quot;:{&quot;unit&quot;:&quot;px&quot;,&quot;size&quot;:1.100000000000000088817841970012523233890533447265625,&quot;sizes&quot;:[]},&quot;_transform_scale_effect_hover_tablet&quot;:{&quot;unit&quot;:&quot;px&quot;,&quot;size&quot;:&quot;&quot;,&quot;sizes&quot;:[]},&quot;_transform_scale_effect_hover_mobile&quot;:{&quot;unit&quot;:&quot;px&quot;,&quot;size&quot;:&quot;&quot;,&quot;sizes&quot;:[]}}\" data-widget_type=\"image-box.default\">\n\t\t\t\t\t<div class=\"elementor-image-box-wrapper\"><figure class=\"elementor-image-box-img\"><a href=\"#elementor-action%3Aaction%3Dpopup%3Aopen%26settings%3DeyJpZCI6Ijc0MyIsInRvZ2dsZSI6ZmFsc2V9\" tabindex=\"-1\"><img fetchpriority=\"high\" decoding=\"async\" width=\"600\" height=\"653\" src=\"https:\/\/roguimo.com.br\/wp-content\/uploads\/2025\/09\/cera1.png\" class=\"attachment-full size-full wp-image-411\" alt=\"\" srcset=\"https:\/\/roguimo.com.br\/wp-content\/uploads\/2025\/09\/cera1.png 600w, https:\/\/roguimo.com.br\/wp-content\/uploads\/2025\/09\/cera1-276x300.png 276w\" sizes=\"(max-width: 600px) 100vw, 600px\" \/><\/a><\/figure><div class=\"elementor-image-box-content\"><h3 class=\"elementor-image-box-title\"><a href=\"#elementor-action%3Aaction%3Dpopup%3Aopen%26settings%3DeyJpZCI6Ijc0MyIsInRvZ2dsZSI6ZmFsc2V9\">Cera blanqueada refinada<\/a><\/h3><p class=\"elementor-image-box-description\">Tipo 1<\/p><\/div><\/div>\t\t\t\t<\/div>\n\t\t\t\t<div class=\"elementor-element elementor-element-ade942d e-transform elementor-position-top elementor-widget elementor-widget-image-box\" data-id=\"ade942d\" data-element_type=\"widget\" data-settings=\"{&quot;_transform_scale_effect_hover&quot;:{&quot;unit&quot;:&quot;px&quot;,&quot;size&quot;:1.100000000000000088817841970012523233890533447265625,&quot;sizes&quot;:[]},&quot;_transform_scale_effect_hover_tablet&quot;:{&quot;unit&quot;:&quot;px&quot;,&quot;size&quot;:&quot;&quot;,&quot;sizes&quot;:[]},&quot;_transform_scale_effect_hover_mobile&quot;:{&quot;unit&quot;:&quot;px&quot;,&quot;size&quot;:&quot;&quot;,&quot;sizes&quot;:[]}}\" data-widget_type=\"image-box.default\">\n\t\t\t\t\t<div class=\"elementor-image-box-wrapper\"><figure class=\"elementor-image-box-img\"><a href=\"#elementor-action%3Aaction%3Dpopup%3Aopen%26settings%3DeyJpZCI6Ijc1OCIsInRvZ2dsZSI6ZmFsc2V9\" tabindex=\"-1\"><img decoding=\"async\" width=\"600\" height=\"654\" src=\"https:\/\/roguimo.com.br\/wp-content\/uploads\/2025\/09\/cera2.png\" class=\"attachment-full size-full wp-image-412\" alt=\"\" srcset=\"https:\/\/roguimo.com.br\/wp-content\/uploads\/2025\/09\/cera2.png 600w, https:\/\/roguimo.com.br\/wp-content\/uploads\/2025\/09\/cera2-275x300.png 275w\" sizes=\"(max-width: 600px) 100vw, 600px\" \/><\/a><\/figure><div class=\"elementor-image-box-content\"><h3 class=\"elementor-image-box-title\"><a href=\"#elementor-action%3Aaction%3Dpopup%3Aopen%26settings%3DeyJpZCI6Ijc1OCIsInRvZ2dsZSI6ZmFsc2V9\">Cera blanqueada refinada<\/a><\/h3><p class=\"elementor-image-box-description\">Tipo 3<\/p><\/div><\/div>\t\t\t\t<\/div>\n\t\t\t\t<div class=\"elementor-element elementor-element-6c60aae e-transform elementor-position-top elementor-widget elementor-widget-image-box\" data-id=\"6c60aae\" data-element_type=\"widget\" data-settings=\"{&quot;_transform_scale_effect_hover&quot;:{&quot;unit&quot;:&quot;px&quot;,&quot;size&quot;:1.100000000000000088817841970012523233890533447265625,&quot;sizes&quot;:[]},&quot;_transform_scale_effect_hover_tablet&quot;:{&quot;unit&quot;:&quot;px&quot;,&quot;size&quot;:&quot;&quot;,&quot;sizes&quot;:[]},&quot;_transform_scale_effect_hover_mobile&quot;:{&quot;unit&quot;:&quot;px&quot;,&quot;size&quot;:&quot;&quot;,&quot;sizes&quot;:[]}}\" data-widget_type=\"image-box.default\">\n\t\t\t\t\t<div class=\"elementor-image-box-wrapper\"><figure class=\"elementor-image-box-img\"><a href=\"#elementor-action%3Aaction%3Dpopup%3Aopen%26settings%3DeyJpZCI6Ijc2NSIsInRvZ2dsZSI6ZmFsc2V9\" tabindex=\"-1\"><img decoding=\"async\" width=\"600\" height=\"654\" src=\"https:\/\/roguimo.com.br\/wp-content\/uploads\/2025\/09\/cera3.png\" class=\"attachment-full size-full wp-image-413\" alt=\"\" srcset=\"https:\/\/roguimo.com.br\/wp-content\/uploads\/2025\/09\/cera3.png 600w, https:\/\/roguimo.com.br\/wp-content\/uploads\/2025\/09\/cera3-275x300.png 275w\" sizes=\"(max-width: 600px) 100vw, 600px\" \/><\/a><\/figure><div class=\"elementor-image-box-content\"><h3 class=\"elementor-image-box-title\"><a href=\"#elementor-action%3Aaction%3Dpopup%3Aopen%26settings%3DeyJpZCI6Ijc2NSIsInRvZ2dsZSI6ZmFsc2V9\">Cera filtrada<\/a><\/h3><p class=\"elementor-image-box-description\">Tipo 4<\/p><\/div><\/div>\t\t\t\t<\/div>\n\t\t\t\t<div class=\"elementor-element elementor-element-34c53de e-transform elementor-position-top elementor-widget elementor-widget-image-box\" data-id=\"34c53de\" data-element_type=\"widget\" data-settings=\"{&quot;_transform_scale_effect_hover&quot;:{&quot;unit&quot;:&quot;px&quot;,&quot;size&quot;:1.100000000000000088817841970012523233890533447265625,&quot;sizes&quot;:[]},&quot;_transform_scale_effect_hover_tablet&quot;:{&quot;unit&quot;:&quot;px&quot;,&quot;size&quot;:&quot;&quot;,&quot;sizes&quot;:[]},&quot;_transform_scale_effect_hover_mobile&quot;:{&quot;unit&quot;:&quot;px&quot;,&quot;size&quot;:&quot;&quot;,&quot;sizes&quot;:[]}}\" data-widget_type=\"image-box.default\">\n\t\t\t\t\t<div class=\"elementor-image-box-wrapper\"><figure class=\"elementor-image-box-img\"><a href=\"#elementor-action%3Aaction%3Dpopup%3Aopen%26settings%3DeyJpZCI6Ijc3MyIsInRvZ2dsZSI6ZmFsc2V9\" tabindex=\"-1\"><img loading=\"lazy\" decoding=\"async\" width=\"600\" height=\"653\" src=\"https:\/\/roguimo.com.br\/wp-content\/uploads\/2025\/09\/cera4.png\" class=\"attachment-full size-full wp-image-414\" alt=\"\" srcset=\"https:\/\/roguimo.com.br\/wp-content\/uploads\/2025\/09\/cera4.png 600w, https:\/\/roguimo.com.br\/wp-content\/uploads\/2025\/09\/cera4-276x300.png 276w\" sizes=\"(max-width: 600px) 100vw, 600px\" \/><\/a><\/figure><div class=\"elementor-image-box-content\"><h3 class=\"elementor-image-box-title\"><a href=\"#elementor-action%3Aaction%3Dpopup%3Aopen%26settings%3DeyJpZCI6Ijc3MyIsInRvZ2dsZSI6ZmFsc2V9\">Cera centrifugada<\/a><\/h3><p class=\"elementor-image-box-description\">Tipo 4<\/p><\/div><\/div>\t\t\t\t<\/div>\n\t\t\t\t<\/div>\n\t\t\t\t<\/div>\n\t\t\t\t\t<\/div>\n\t\t\t\t<\/div>\n\t\t<div class=\"elementor-element elementor-element-9d2e363 e-flex e-con-boxed e-con e-parent\" data-id=\"9d2e363\" data-element_type=\"container\" data-settings=\"{&quot;background_background&quot;:&quot;classic&quot;}\">\n\t\t\t\t\t<div class=\"e-con-inner\">\n\t\t\t\t<div class=\"elementor-element elementor-element-e035087 elementor-widget elementor-widget-heading\" data-id=\"e035087\" data-element_type=\"widget\" data-widget_type=\"heading.default\">\n\t\t\t\t\t<h2 class=\"elementor-heading-title elementor-size-default\"><a href=\"https:\/\/roguimo.com.br\/es\/orcamentos\/\">Pedido \n<span style=\"color: #557a36\">un presupuesto<\/span><\/a><\/h2>\t\t\t\t<\/div>\n\t\t\t\t\t<\/div>\n\t\t\t\t<\/div>\n\t\t\t\t<\/div>","protected":false},"excerpt":{"rendered":"<p>Productos de Calidad Nuestros Productos Ofrecemos diferentes tipos de cera de carnauba, clasificados seg\u00fan su grado de refinamiento y el color del producto final. Cada tipo est\u00e1 indicado para aplicaciones espec\u00edficas, satisfaciendo las demandas del mercado nacional e internacional. Cera Refinada Blanqueada Tipo 1 Cera Refinada Blanqueada Tipo 3 Cera Filtrada Tipo 4 [\u2026]<\/p>","protected":false},"author":1,"featured_media":0,"parent":0,"menu_order":0,"comment_status":"closed","ping_status":"closed","template":"","meta":{"footnotes":""},"class_list":["post-395","page","type-page","status-publish","hentry"],"yoast_head":"<!-- This site is optimized with the Yoast SEO plugin v26.0 - https:\/\/yoast.com\/wordpress\/plugins\/seo\/ -->\n<title>Produtos - Roguimo<\/title>\n<meta name=\"robots\" content=\"index, follow, max-snippet:-1, max-image-preview:large, max-video-preview:-1\" \/>\n<link rel=\"canonical\" href=\"https:\/\/roguimo.com.br\/es\/produtos\/\" \/>\n<meta property=\"og:locale\" content=\"es_ES\" \/>\n<meta property=\"og:type\" content=\"article\" \/>\n<meta property=\"og:title\" content=\"Produtos - Roguimo\" \/>\n<meta property=\"og:description\" content=\"Produtos De qualidade Nossos Produtos Oferecemos diferentes tipos de cera de carna\u00faba, classificados de acordo com o n\u00edvel de refino e a cor do produto final. Cada tipo \u00e9 indicado para aplica\u00e7\u00f5es espec\u00edficas, atendendo \u00e0s exig\u00eancias do mercado nacional e internacional. Cera Refinada Clareada Tipo 1 Cera Refinada Clareada Tipo 3 Cera Filtrada Tipo 4 [&hellip;]\" \/>\n<meta property=\"og:url\" content=\"https:\/\/roguimo.com.br\/es\/produtos\/\" \/>\n<meta property=\"og:site_name\" content=\"Roguimo\" \/>\n<meta property=\"article:publisher\" content=\"https:\/\/www.facebook.com\/roguimo\/\" \/>\n<meta property=\"article:modified_time\" content=\"2025-09-11T19:15:37+00:00\" \/>\n<meta property=\"og:image\" content=\"https:\/\/roguimo.com.br\/wp-content\/uploads\/2025\/09\/cera1.png\" \/>\n\t<meta property=\"og:image:width\" content=\"600\" \/>\n\t<meta property=\"og:image:height\" content=\"653\" \/>\n\t<meta property=\"og:image:type\" content=\"image\/png\" \/>\n<meta name=\"twitter:card\" content=\"summary_large_image\" \/>\n<script type=\"application\/ld+json\" class=\"yoast-schema-graph\">{\"@context\":\"https:\/\/schema.org\",\"@graph\":[{\"@type\":\"WebPage\",\"@id\":\"https:\/\/roguimo.com.br\/pt_br\/produtos\/\",\"url\":\"https:\/\/roguimo.com.br\/pt_br\/produtos\/\",\"name\":\"Produtos - Roguimo\",\"isPartOf\":{\"@id\":\"https:\/\/roguimo.com.br\/es\/#website\"},\"primaryImageOfPage\":{\"@id\":\"https:\/\/roguimo.com.br\/pt_br\/produtos\/#primaryimage\"},\"image\":{\"@id\":\"https:\/\/roguimo.com.br\/pt_br\/produtos\/#primaryimage\"},\"thumbnailUrl\":\"https:\/\/roguimo.com.br\/wp-content\/uploads\/2025\/09\/cera1.png\",\"datePublished\":\"2025-09-10T10:55:20+00:00\",\"dateModified\":\"2025-09-11T19:15:37+00:00\",\"breadcrumb\":{\"@id\":\"https:\/\/roguimo.com.br\/pt_br\/produtos\/#breadcrumb\"},\"inLanguage\":\"es\",\"potentialAction\":[{\"@type\":\"ReadAction\",\"target\":[\"https:\/\/roguimo.com.br\/pt_br\/produtos\/\"]}]},{\"@type\":\"ImageObject\",\"inLanguage\":\"es\",\"@id\":\"https:\/\/roguimo.com.br\/pt_br\/produtos\/#primaryimage\",\"url\":\"https:\/\/roguimo.com.br\/wp-content\/uploads\/2025\/09\/cera1.png\",\"contentUrl\":\"https:\/\/roguimo.com.br\/wp-content\/uploads\/2025\/09\/cera1.png\"},{\"@type\":\"BreadcrumbList\",\"@id\":\"https:\/\/roguimo.com.br\/pt_br\/produtos\/#breadcrumb\",\"itemListElement\":[{\"@type\":\"ListItem\",\"position\":1,\"name\":\"In\u00edcio\",\"item\":\"https:\/\/roguimo.com.br\/pt_br\/\"},{\"@type\":\"ListItem\",\"position\":2,\"name\":\"Produtos\"}]},{\"@type\":\"WebSite\",\"@id\":\"https:\/\/roguimo.com.br\/es\/#website\",\"url\":\"https:\/\/roguimo.com.br\/es\/\",\"name\":\"Roguimo\",\"description\":\"A Melhor Fornecedora de Cera de Carna\u00faba do Brasil\",\"publisher\":{\"@id\":\"https:\/\/roguimo.com.br\/es\/#organization\"},\"potentialAction\":[{\"@type\":\"SearchAction\",\"target\":{\"@type\":\"EntryPoint\",\"urlTemplate\":\"https:\/\/roguimo.com.br\/es\/?s={search_term_string}\"},\"query-input\":{\"@type\":\"PropertyValueSpecification\",\"valueRequired\":true,\"valueName\":\"search_term_string\"}}],\"inLanguage\":\"es\"},{\"@type\":\"Organization\",\"@id\":\"https:\/\/roguimo.com.br\/es\/#organization\",\"name\":\"Roguimo\",\"url\":\"https:\/\/roguimo.com.br\/es\/\",\"logo\":{\"@type\":\"ImageObject\",\"inLanguage\":\"es\",\"@id\":\"https:\/\/roguimo.com.br\/es\/#\/schema\/logo\/image\/\",\"url\":\"https:\/\/roguimo.com.br\/wp-content\/uploads\/2025\/09\/logo.png\",\"contentUrl\":\"https:\/\/roguimo.com.br\/wp-content\/uploads\/2025\/09\/logo.png\",\"width\":582,\"height\":191,\"caption\":\"Roguimo\"},\"image\":{\"@id\":\"https:\/\/roguimo.com.br\/es\/#\/schema\/logo\/image\/\"},\"sameAs\":[\"https:\/\/www.facebook.com\/roguimo\/\",\"https:\/\/instagram.com\/roguimo\/\"]}]}<\/script>\n<!-- \/ Yoast SEO plugin. -->","yoast_head_json":{"title":"Produtos - Roguimo","robots":{"index":"index","follow":"follow","max-snippet":"max-snippet:-1","max-image-preview":"max-image-preview:large","max-video-preview":"max-video-preview:-1"},"canonical":"https:\/\/roguimo.com.br\/es\/produtos\/","og_locale":"es_ES","og_type":"article","og_title":"Produtos - Roguimo","og_description":"Produtos De qualidade Nossos Produtos Oferecemos diferentes tipos de cera de carna\u00faba, classificados de acordo com o n\u00edvel de refino e a cor do produto final. Cada tipo \u00e9 indicado para aplica\u00e7\u00f5es espec\u00edficas, atendendo \u00e0s exig\u00eancias do mercado nacional e internacional. Cera Refinada Clareada Tipo 1 Cera Refinada Clareada Tipo 3 Cera Filtrada Tipo 4 [&hellip;]","og_url":"https:\/\/roguimo.com.br\/es\/produtos\/","og_site_name":"Roguimo","article_publisher":"https:\/\/www.facebook.com\/roguimo\/","article_modified_time":"2025-09-11T19:15:37+00:00","og_image":[{"width":600,"height":653,"url":"https:\/\/roguimo.com.br\/wp-content\/uploads\/2025\/09\/cera1.png","type":"image\/png"}],"twitter_card":"summary_large_image","schema":{"@context":"https:\/\/schema.org","@graph":[{"@type":"WebPage","@id":"https:\/\/roguimo.com.br\/pt_br\/produtos\/","url":"https:\/\/roguimo.com.br\/pt_br\/produtos\/","name":"Produtos - Roguimo","isPartOf":{"@id":"https:\/\/roguimo.com.br\/es\/#website"},"primaryImageOfPage":{"@id":"https:\/\/roguimo.com.br\/pt_br\/produtos\/#primaryimage"},"image":{"@id":"https:\/\/roguimo.com.br\/pt_br\/produtos\/#primaryimage"},"thumbnailUrl":"https:\/\/roguimo.com.br\/wp-content\/uploads\/2025\/09\/cera1.png","datePublished":"2025-09-10T10:55:20+00:00","dateModified":"2025-09-11T19:15:37+00:00","breadcrumb":{"@id":"https:\/\/roguimo.com.br\/pt_br\/produtos\/#breadcrumb"},"inLanguage":"es","potentialAction":[{"@type":"ReadAction","target":["https:\/\/roguimo.com.br\/pt_br\/produtos\/"]}]},{"@type":"ImageObject","inLanguage":"es","@id":"https:\/\/roguimo.com.br\/pt_br\/produtos\/#primaryimage","url":"https:\/\/roguimo.com.br\/wp-content\/uploads\/2025\/09\/cera1.png","contentUrl":"https:\/\/roguimo.com.br\/wp-content\/uploads\/2025\/09\/cera1.png"},{"@type":"BreadcrumbList","@id":"https:\/\/roguimo.com.br\/pt_br\/produtos\/#breadcrumb","itemListElement":[{"@type":"ListItem","position":1,"name":"In\u00edcio","item":"https:\/\/roguimo.com.br\/pt_br\/"},{"@type":"ListItem","position":2,"name":"Produtos"}]},{"@type":"WebSite","@id":"https:\/\/roguimo.com.br\/es\/#website","url":"https:\/\/roguimo.com.br\/es\/","name":"Roguimo","description":"El mejor proveedor de cera de carnauba en Brasil","publisher":{"@id":"https:\/\/roguimo.com.br\/es\/#organization"},"potentialAction":[{"@type":"SearchAction","target":{"@type":"EntryPoint","urlTemplate":"https:\/\/roguimo.com.br\/es\/?s={search_term_string}"},"query-input":{"@type":"PropertyValueSpecification","valueRequired":true,"valueName":"search_term_string"}}],"inLanguage":"es"},{"@type":"Organization","@id":"https:\/\/roguimo.com.br\/es\/#organization","name":"Roguimo","url":"https:\/\/roguimo.com.br\/es\/","logo":{"@type":"ImageObject","inLanguage":"es","@id":"https:\/\/roguimo.com.br\/es\/#\/schema\/logo\/image\/","url":"https:\/\/roguimo.com.br\/wp-content\/uploads\/2025\/09\/logo.png","contentUrl":"https:\/\/roguimo.com.br\/wp-content\/uploads\/2025\/09\/logo.png","width":582,"height":191,"caption":"Roguimo"},"image":{"@id":"https:\/\/roguimo.com.br\/es\/#\/schema\/logo\/image\/"},"sameAs":["https:\/\/www.facebook.com\/roguimo\/","https:\/\/instagram.com\/roguimo\/"]}]}},"_links":{"self":[{"href":"http:\/\/roguimo.com.br\/es\/wp-json\/wp\/v2\/pages\/395","targetHints":{"allow":["GET"]}}],"collection":[{"href":"http:\/\/roguimo.com.br\/es\/wp-json\/wp\/v2\/pages"}],"about":[{"href":"http:\/\/roguimo.com.br\/es\/wp-json\/wp\/v2\/types\/page"}],"author":[{"embeddable":true,"href":"http:\/\/roguimo.com.br\/es\/wp-json\/wp\/v2\/users\/1"}],"replies":[{"embeddable":true,"href":"http:\/\/roguimo.com.br\/es\/wp-json\/wp\/v2\/comments?post=395"}],"version-history":[{"count":82,"href":"http:\/\/roguimo.com.br\/es\/wp-json\/wp\/v2\/pages\/395\/revisions"}],"predecessor-version":[{"id":777,"href":"http:\/\/roguimo.com.br\/es\/wp-json\/wp\/v2\/pages\/395\/revisions\/777"}],"wp:attachment":[{"href":"http:\/\/roguimo.com.br\/es\/wp-json\/wp\/v2\/media?parent=395"}],"curies":[{"name":"wp","href":"https:\/\/api.w.org\/{rel}","templated":true}]}}